{"id":107,"date":"2018-05-14T15:34:05","date_gmt":"2018-05-14T13:34:05","guid":{"rendered":"http:\/\/exalon.webseiten.cc\/?page_id=107"},"modified":"2019-02-19T17:23:11","modified_gmt":"2019-02-19T16:23:11","slug":"submission-hosting","status":"publish","type":"page","link":"https:\/\/exalon.com\/de\/ectd-services\/submission-hosting\/","title":{"rendered":"Submission Hosting"},"content":{"rendered":"<p>Die firmeninterne Realisierung von eCTD Kapazit\u00e4ten bindet langfristig hohe Ressourcen f\u00fcr Software-Lizenzen, Maintenance Geb\u00fchren, Validierung, Schulungen, SOPs und nat\u00fcrlich erfahrenes Personal.<\/p>\n<p>Diese Kosten fallen stetig an, unabh\u00e4ngig von der tats\u00e4chlichen Auslastung mit eCTD Aktivit\u00e4ten. In vielen F\u00e4llen bietet das strategische Outsourcing der eCTD Erstellung incl. Pflege des anschlie\u00dfenden Lifecycles die g\u00fcnstigere Alternative und echte Vorteile:<\/p>\n<ul>\n<li>Keine laufende Kosten in Leerlauf Phasen sondern volle Flexibilit\u00e4t<\/li>\n<li>Freie Ressourcen zur Konzentration auf strategisches Kerngesch\u00e4ft<\/li>\n<li>Keine Bindung an Software<\/li>\n<li>Sofortigen Zugriff auf marktf\u00fchrende Technologien und langj\u00e4hrige Erfahrung<\/li>\n<li>Volle Kostentransparenz<\/li>\n<\/ul>\n<p>Exalon\u00b4s Philosophie dabei ist, dass wir nicht einfach eine Dienstleistung erbringen nach dem &#8222;Black Box&#8220; Prinzip, sondern durch best\u00e4ndigen Know-how Transfer auch die entprechende Kompetenz bei unseren Kunden f\u00f6rdern und ausbauen.<\/p>\n<p>Wir bieten flexible M\u00f6glichkeiten zur Anbindung an die Infrastruktur unserer Kunden und k\u00f6nnen so gezielt auf den jeweiligen Bedarf eingehen &#8211; egal ob mehrere Einreichungen pro Monat oder nur einzelne Einreichungen \u00fcbers Jahr verteilt erforderlich sind &#8211; wir haben die entsprechende passende L\u00f6sung.<\/p>\n","protected":false},"excerpt":{"rendered":"<p>Die firmeninterne Realisierung von eCTD Kapazit\u00e4ten bindet langfristig hohe Ressourcen f\u00fcr Software-Lizenzen, Maintenance Geb\u00fchren, Validierung, Schulungen, SOPs und nat\u00fcrlich erfahrenes Personal. Diese Kosten fallen stetig an, unabh\u00e4ngig von der tats\u00e4chlichen Auslastung mit eCTD Aktivit\u00e4ten. In vielen F\u00e4llen bietet das strategische &hellip; <a class=\"kt-excerpt-readmore\" href=\"https:\/\/exalon.com\/de\/ectd-services\/submission-hosting\/\" aria-label=\"Submission Hosting\">Weiterlesen<\/a><\/p>\n","protected":false},"author":1,"featured_media":0,"parent":8,"menu_order":2,"comment_status":"closed","ping_status":"closed","template":"page-feature.php","meta":{"footnotes":""},"class_list":["post-107","page","type-page","status-publish","hentry"],"translation":{"provider":"WPGlobus","version":"3.0.0","language":"de","enabled_languages":["en","de"],"languages":{"en":{"title":true,"content":true,"excerpt":false},"de":{"title":true,"content":true,"excerpt":false}}},"aioseo_notices":[],"_links":{"self":[{"href":"https:\/\/exalon.com\/de\/wp-json\/wp\/v2\/pages\/107","targetHints":{"allow":["GET"]}}],"collection":[{"href":"https:\/\/exalon.com\/de\/wp-json\/wp\/v2\/pages"}],"about":[{"href":"https:\/\/exalon.com\/de\/wp-json\/wp\/v2\/types\/page"}],"author":[{"embeddable":true,"href":"https:\/\/exalon.com\/de\/wp-json\/wp\/v2\/users\/1"}],"replies":[{"embeddable":true,"href":"https:\/\/exalon.com\/de\/wp-json\/wp\/v2\/comments?post=107"}],"version-history":[{"count":6,"href":"https:\/\/exalon.com\/de\/wp-json\/wp\/v2\/pages\/107\/revisions"}],"predecessor-version":[{"id":628,"href":"https:\/\/exalon.com\/de\/wp-json\/wp\/v2\/pages\/107\/revisions\/628"}],"up":[{"embeddable":true,"href":"https:\/\/exalon.com\/de\/wp-json\/wp\/v2\/pages\/8"}],"wp:attachment":[{"href":"https:\/\/exalon.com\/de\/wp-json\/wp\/v2\/media?parent=107"}],"curies":[{"name":"wp","href":"https:\/\/api.w.org\/{rel}","templated":true}]}}