{"id":110,"date":"2018-05-14T15:36:11","date_gmt":"2018-05-14T13:36:11","guid":{"rendered":"http:\/\/exalon.webseiten.cc\/?page_id=110"},"modified":"2019-01-31T17:23:47","modified_gmt":"2019-01-31T16:23:47","slug":"ectd-consulting-training","status":"publish","type":"page","link":"https:\/\/exalon.com\/de\/ectd-services\/ectd-consulting-training\/","title":{"rendered":"eCTD Beratung\/Schulung"},"content":{"rendered":"<p>Um den st\u00e4ndig wachsenden und sich \u00e4ndernden Beh\u00f6rdenanforderungen an elektronische Dossiers gerecht zu werden, braucht es viel Erfahrung, gut strukturierte Business-Prozesse, ausgereifte Technologien und einen sehr guten \u00dcberblick \u00fcber die kommenden Trends &#8211; auch, um rechtzeitig die entsprechenden Ma\u00dfnahmen einzuleiten.<\/p>\n<p>Wir bieten Ihnen verschiedene Beratungsleistungen im Zusammenhang mit eCTD\/NeeS und Co an:<\/p>\n<ul>\n<li>eCTD Workshops und Schulungen<\/li>\n<li>Analyse und Optimierung Ihrer Gesch\u00e4ftsprozesse<\/li>\n<li>Definition von Nuteranforderungen (Lastenheft)<\/li>\n<li>Unterst\u00fctzung bei der Auswahl von Software-Anbietern<\/li>\n<li>Unterst\u00fczung bei der Validierung computergest\u00fctzter Systeme im Bereich eCTD Erstellung<\/li>\n<li>Erstellung von SOPs<\/li>\n<\/ul>\n","protected":false},"excerpt":{"rendered":"<p>Um den st\u00e4ndig wachsenden und sich \u00e4ndernden Beh\u00f6rdenanforderungen an elektronische Dossiers gerecht zu werden, braucht es viel Erfahrung, gut strukturierte Business-Prozesse, ausgereifte Technologien und einen sehr guten \u00dcberblick \u00fcber die kommenden Trends &#8211; auch, um rechtzeitig die entsprechenden Ma\u00dfnahmen einzuleiten. &hellip; <a class=\"kt-excerpt-readmore\" href=\"https:\/\/exalon.com\/de\/ectd-services\/ectd-consulting-training\/\" aria-label=\"eCTD Beratung\/Schulung\">Weiterlesen<\/a><\/p>\n","protected":false},"author":1,"featured_media":0,"parent":8,"menu_order":5,"comment_status":"closed","ping_status":"closed","template":"page-feature.php","meta":{"footnotes":""},"class_list":["post-110","page","type-page","status-publish","hentry"],"translation":{"provider":"WPGlobus","version":"3.0.0","language":"de","enabled_languages":["en","de"],"languages":{"en":{"title":true,"content":true,"excerpt":false},"de":{"title":true,"content":true,"excerpt":false}}},"aioseo_notices":[],"_links":{"self":[{"href":"https:\/\/exalon.com\/de\/wp-json\/wp\/v2\/pages\/110","targetHints":{"allow":["GET"]}}],"collection":[{"href":"https:\/\/exalon.com\/de\/wp-json\/wp\/v2\/pages"}],"about":[{"href":"https:\/\/exalon.com\/de\/wp-json\/wp\/v2\/types\/page"}],"author":[{"embeddable":true,"href":"https:\/\/exalon.com\/de\/wp-json\/wp\/v2\/users\/1"}],"replies":[{"embeddable":true,"href":"https:\/\/exalon.com\/de\/wp-json\/wp\/v2\/comments?post=110"}],"version-history":[{"count":5,"href":"https:\/\/exalon.com\/de\/wp-json\/wp\/v2\/pages\/110\/revisions"}],"predecessor-version":[{"id":287,"href":"https:\/\/exalon.com\/de\/wp-json\/wp\/v2\/pages\/110\/revisions\/287"}],"up":[{"embeddable":true,"href":"https:\/\/exalon.com\/de\/wp-json\/wp\/v2\/pages\/8"}],"wp:attachment":[{"href":"https:\/\/exalon.com\/de\/wp-json\/wp\/v2\/media?parent=110"}],"curies":[{"name":"wp","href":"https:\/\/api.w.org\/{rel}","templated":true}]}}