{"id":8,"date":"2018-03-09T11:34:40","date_gmt":"2018-03-09T10:34:40","guid":{"rendered":"http:\/\/exalon.webseiten.cc\/ectd\/"},"modified":"2019-02-20T12:20:40","modified_gmt":"2019-02-20T11:20:40","slug":"ectd-services","status":"publish","type":"page","link":"https:\/\/exalon.com\/de\/ectd-services\/","title":{"rendered":"eCTD Services"},"content":{"rendered":"<h2>Unsere eCTD Dienstleistungen im \u00dcberblick<\/h2>\n<p>Der Aufwand einer eCTD (und NeeS) Erstellung h\u00e4ngt im hohen Ma\u00dfe von der Qualit\u00e4t der Ausgangsdokumentation und deren zeitliche Verf\u00fcgbarkeit ab. Die Implementierung eines &#8222;eCTD ready&#8220; Standards schon in der fr\u00fchen Phase der Dokumentenerstellung hilft entscheidend dabei, die Zeit zwischen der Abgabe des letzten Dokumentes und der Einreichung des eCTD (oder NeeS) zu verringeren.<\/p>\n<p>Exalon erstellt Ihnen eCTDs und NeeS f\u00fcr alle Zulassungsverfahren weltweit, ber\u00e4t Sie bei der Implementierung Ihrer eigenen eCTD Infrastruktur und unterst\u00fczt Ihren internen Ressourcen im Bedarfsfall. Hier erfahren Sie mehr \u00fcber unsere eCTD Dienstleistungen:<\/p>\n<ul>\n<li><a href=\"https:\/\/exalon.com\/ectd\/ectd-publishing\/\">eCTD und NeeS Erstellung<\/a><\/li>\n<li><a href=\"https:\/\/exalon.com\/ectd\/submission-hosting\/\">Submission Hosting und Pflege des eCTD Lifecycles<\/a><\/li>\n<li><a href=\"https:\/\/exalon.com\/ectd\/ectd-readiness\/\">eCTD Readiness und Formatierungen<\/a><\/li>\n<li><a href=\"https:\/\/exalon.com\/ectd\/ectd-consulting-training\/\">eCTD Beratung &amp; Schulung<\/a><\/li>\n<\/ul>\n","protected":false},"excerpt":{"rendered":"<p>Unsere eCTD Dienstleistungen im \u00dcberblick Der Aufwand einer eCTD (und NeeS) Erstellung h\u00e4ngt im hohen Ma\u00dfe von der Qualit\u00e4t der Ausgangsdokumentation und deren zeitliche Verf\u00fcgbarkeit ab. Die Implementierung eines &#8222;eCTD ready&#8220; Standards schon in der fr\u00fchen Phase der Dokumentenerstellung hilft &hellip; <a class=\"kt-excerpt-readmore\" href=\"https:\/\/exalon.com\/de\/ectd-services\/\" aria-label=\"eCTD Services\">Weiterlesen<\/a><\/p>\n","protected":false},"author":1,"featured_media":0,"parent":0,"menu_order":7,"comment_status":"closed","ping_status":"closed","template":"page-feature.php","meta":{"footnotes":""},"class_list":["post-8","page","type-page","status-publish","hentry"],"translation":{"provider":"WPGlobus","version":"3.0.0","language":"de","enabled_languages":["en","de"],"languages":{"en":{"title":true,"content":true,"excerpt":false},"de":{"title":false,"content":true,"excerpt":false}}},"aioseo_notices":[],"_links":{"self":[{"href":"https:\/\/exalon.com\/de\/wp-json\/wp\/v2\/pages\/8","targetHints":{"allow":["GET"]}}],"collection":[{"href":"https:\/\/exalon.com\/de\/wp-json\/wp\/v2\/pages"}],"about":[{"href":"https:\/\/exalon.com\/de\/wp-json\/wp\/v2\/types\/page"}],"author":[{"embeddable":true,"href":"https:\/\/exalon.com\/de\/wp-json\/wp\/v2\/users\/1"}],"replies":[{"embeddable":true,"href":"https:\/\/exalon.com\/de\/wp-json\/wp\/v2\/comments?post=8"}],"version-history":[{"count":18,"href":"https:\/\/exalon.com\/de\/wp-json\/wp\/v2\/pages\/8\/revisions"}],"predecessor-version":[{"id":446,"href":"https:\/\/exalon.com\/de\/wp-json\/wp\/v2\/pages\/8\/revisions\/446"}],"wp:attachment":[{"href":"https:\/\/exalon.com\/de\/wp-json\/wp\/v2\/media?parent=8"}],"curies":[{"name":"wp","href":"https:\/\/api.w.org\/{rel}","templated":true}]}}